{"id":9781,"date":"2025-12-01T19:00:49","date_gmt":"2025-12-01T19:00:49","guid":{"rendered":"https:\/\/peace.no\/info\/"},"modified":"2025-12-02T11:28:01","modified_gmt":"2025-12-02T11:28:01","slug":"info","status":"publish","type":"page","link":"https:\/\/peace.no\/en\/info\/","title":{"rendered":"Practical info | Stay in Lillehammer"},"content":{"rendered":"\n<div class=\"wp-block-columns is-layout-flex wp-container-core-columns-is-layout-9d6595d7 wp-block-columns-is-layout-flex\">\n<div class=\"wp-block-column is-layout-flow wp-block-column-is-layout-flow\" style=\"flex-basis:1440px\">\n<section id=\"hero-banner-block_2a39bca404aea230304f3181cb60f310\" class=\"block-section hero-banner  fullwidth-block align-full\">\n\n\t\t\t<div class=\"hero-banner__background-wrapper\">\n\t\t\t\t<img decoding=\"async\" alt=\"\" src=\"https:\/\/peace.no\/wp-content\/uploads\/2025\/12\/Facebook-Arrangement-Nansen-Fredssenter-1920-x-1080-px-22.png\" \/>\t\t\t\t<div class=\"hero-banner__background-wrapper__overlay\"><\/div>\n\t\t\t\t<div style=\"background-image: url(https:\/\/peace.no\/wp-content\/uploads\/2025\/12\/Facebook-Arrangement-Nansen-Fredssenter-1920-x-1080-px-22.png)\" class=\"hero-banner__background-wrapper__clear\"><\/div>\n\t\t<\/div>\n\t\n\n\t<div class=\"row\">\n\t\t<div class=\"columns small-12 medium-7 large-5\">\n\t\t\t<div><\/div><div class=\"hero-banner__text-wrapper\"><h1 class=\"hero-banner__title\">Welcome to Lillehammer<\/h1><h2 class=\"hero-banner__sub-title\">Practical information for those visiting the Nansen Peace Center and Lillehammer in connection with a course or conference.<\/h2><\/div><div class=\"hero-banner__buttons-wrapper\"><\/div>\t\t<\/div>\n\t<\/div>\n\n<\/section>\n\n\n\n<section id=\"text-and-image-block_8064d42da4899332c17412cd3bad54d3\" class=\"block-section text-and-image reversed align-full\">\n\t<div class=\"row\">\n\t\t<div class=\"columns small-12 medium-6 \">\n\t\t\t<h2 class=\"text-and-image__title\">Travel to Lillehammer<\/h2><div class=\"text-and-image__content\"><p id=\"tw-target-text\" class=\"tw-data-text tw-text-large tw-ta\" dir=\"ltr\" tabindex=\"-1\" role=\"text\" data-placeholder=\"Oversettelse\" data-ved=\"2ahUKEwiDzM_4j52RAxXHSfEDHW09BX8Q3ewLegQICRAV\" aria-label=\"Oversatt tekst: Lillehammer ligger bare 2 timer med tog fra Oslo lufthavn Gardermoen. Tog g\u00e5r regelmessig, rutetabeller finner du her:\">Lillehammer is just a 2-hour train ride from Oslo Airport Gardermoen. Trains run regularly, and you can find timetables here:<\/p>\n<ul>\n<li><a href=\"http:\/\/www.entur.no\">www.entur.no<\/a><\/li>\n<li><a href=\"https:\/\/eur01.safelinks.protection.outlook.com\/?url=http%3A%2F%2Fwww.vy.no%2F&amp;data=05%7C02%7Csigurd%40peace.no%7C6f4274d7b29e44de7b5c08de28db1636%7C20ec73ecc3fa4b189294becf111527b5%7C0%7C0%7C638993118583892764%7CUnknown%7CTWFpbGZsb3d8eyJFbXB0eU1hcGkiOnRydWUsIlYiOiIwLjAuMDAwMCIsIlAiOiJXaW4zMiIsIkFOIjoiTWFpbCIsIldUIjoyfQ%3D%3D%7C0%7C%7C%7C&amp;sdata=pKhxKXc4Iv8qnIdbnlO1JKTrKnZvwoJn%2BRPQ8zu3jd4%3D&amp;reserved=0\">www.vy.no<\/a><\/li>\n<\/ul>\n<p id=\"tw-target-text\" class=\"tw-data-text tw-text-large tw-ta\" dir=\"ltr\" tabindex=\"-1\" role=\"text\" data-placeholder=\"Oversettelse\" data-ved=\"2ahUKEwiDzM_4j52RAxXHSfEDHW09BX8Q3ewLegQICRAV\" aria-label=\"Oversatt tekst: Det er billigere \u00e5 kj\u00f8pe billetter p\u00e5 billettautomatene p\u00e5 stasjonen i stedet for om bord p\u00e5 toget.\">It&#8217;s cheaper to buy tickets from the ticket machines at the station rather than on the train.<\/p>\n<\/div><a href=\"http:\/\/www.entur.no\" class=\"dc-button  dc-button--color-green-dark dc-button--has-title\" target=\"_self\"  >Book train or coach<\/a>\t\t<\/div>\n\n\t\t<div class=\"large-1\"><\/div>\n\n\t\t<div class=\"columns small-12 medium-5\">\n\t\t\t<img decoding=\"async\" src=\"https:\/\/peace.no\/wp-content\/uploads\/2025\/12\/last-ned-1.jpg\" alt=\"\" class=\"text-and-image__image crop\" \/>\t\t<\/div>\n\t<\/div>\n\n<\/section>\n\n\n\n<section id=\"text-and-image-block_27cf8fecb027175496731a7c081bc8c9\" class=\"block-section text-and-image  align-full\">\n\t<div class=\"row\">\n\t\t<div class=\"columns small-12 medium-6 \">\n\t\t\t<h2 class=\"text-and-image__title\">Climate and weather<\/h2><div class=\"text-and-image__content\"><p id=\"tw-target-text\" class=\"tw-data-text tw-text-large tw-ta\" dir=\"ltr\" tabindex=\"-1\" role=\"text\" data-placeholder=\"Oversettelse\" data-ved=\"2ahUKEwiDzM_4j52RAxXHSfEDHW09BX8Q3ewLegQICRAV\" aria-label=\"Oversatt tekst: Lillehammer har milde somre og kalde vintre. For oppdatert lokal v\u00e6rmelding, bes\u00f8k: www.yr.no\">Lillehammer has mild summers and cold winters.<\/p>\n<p>For updated local weather forecasts, visit: <a href=\"http:\/\/www.yr.no\">www.yr.no<\/a><\/p>\n<\/div><a href=\"http:\/\/www.yr.no\" class=\"dc-button  dc-button--color-green-dark dc-button--has-title\" target=\"_self\"  >See weatherforecast<\/a>\t\t<\/div>\n\n\t\t<div class=\"large-1\"><\/div>\n\n\t\t<div class=\"columns small-12 medium-5\">\n\t\t\t<img decoding=\"async\" src=\"https:\/\/peace.no\/wp-content\/uploads\/2025\/12\/kveldsutsikt-lillehammer-mjosa-natt.jpg.jpg.webp\" alt=\"\" class=\"text-and-image__image crop\" \/>\t\t<\/div>\n\t<\/div>\n\n<\/section>\n\n\n\n<section id=\"text-and-image-block_6175e63aecd5103a1c9d2003ffbd90e6\" class=\"block-section text-and-image reversed align-full\">\n\t<div class=\"row\">\n\t\t<div class=\"columns small-12 medium-6 \">\n\t\t\t<h2 class=\"text-and-image__title\">Visa to Norway<\/h2><div class=\"text-and-image__content\"><p class=\"tw-data-text tw-text-large tw-ta\" dir=\"ltr\" tabindex=\"-1\" role=\"text\" data-placeholder=\"Oversettelse\" data-ved=\"2ahUKEwiDzM_4j52RAxXHSfEDHW09BX8Q3ewLegQICRAV\" aria-label=\"Oversatt tekst: Visumkrav for Norge finner du p\u00e5 https:\/\/www.schengenvisainfo.com\/norway-visa\/. For ytterligere informasjon om spesifikke landskrav, vennligst bruk ditt lands utenriksdepartement, det f\u00f8derale utenriksdepartementet eller det norske utenriksdepartementet som kilder. Gi oss beskjed s\u00e5 snart som mulig hvis du trenger et personlig invitasjonsbrev for visumform\u00e5l. I s\u00e5 fall, vennligst send ditt fulle navn som i passet ditt, f\u00f8dselsdato, nasjonalitet og passnummer n\u00e5r du svarer p\u00e5 denne e-posten.\">For information about specific visa requirements from your home country, please contact your country&#8217;s Ministry of Foreign Affairs, federal foreign office, or the Norwegian Ministry of Foreign Affairs.<\/p>\n<p>Please let us know as soon as possible if you need a personal invitation letter for visa purposes. In that case, we need your full name as it appears in your passport, date of birth, nationality, and passport number.<\/p>\n<\/div><a href=\"https:\/\/www.schengenvisainfo.com\/norway-visa\" class=\"dc-button  dc-button--color-green-dark dc-button--has-title\" target=\"_self\"  >Check visa for Norway<\/a>\t\t<\/div>\n\n\t\t<div class=\"large-1\"><\/div>\n\n\t\t<div class=\"columns small-12 medium-5\">\n\t\t\t<img decoding=\"async\" src=\"https:\/\/peace.no\/wp-content\/uploads\/2025\/12\/82fd64c1-6b2b-44fb-ab82-a1df5f6d83c6.jpg\" alt=\"\" class=\"text-and-image__image crop\" \/>\t\t<\/div>\n\t<\/div>\n\n<\/section>\n\n\n\n<h2 class=\"wp-block-heading\">Accomodation<\/h2>\n\n\n\n<p><strong>Participants in the Nansen Peace Center&#8217;s courses are booked into one of three accommodations:<\/strong><\/p>\n\n\n\n<section id=\"text-and-image-block_3904fd3fef8b8064edf8d447a2696f3a\" class=\"block-section text-and-image  align-full\">\n\t<div class=\"row\">\n\t\t<div class=\"columns small-12 medium-6 \">\n\t\t\t<h2 class=\"text-and-image__title\">Nansen School<\/h2><div class=\"text-and-image__content\"><p>The Nansen School is a beautiful, historic, and comfortable place to stay during your visit to Lillehammer. The School is located together with Nansen Centre for Peace and Dialogue a short distance from the town center and train station. Beautifully renovated double rooms with shared bathrooms.<\/p>\n<p><strong>Address:<\/strong> <a href=\"https:\/\/maps.app.goo.gl\/C2UAXzmBSwMcdqLJ9\">Bj\u00f8rnstjerne Bj\u00f8rnsons gate 2<\/a><\/p>\n<p><strong>Contact:<\/strong> <a href=\"tel:61 26 54 00\">61 26 54 00<\/a><\/p>\n<p><strong>Check In:<\/strong> 14:00 &#8211; 22:00 in the reception at Nansenskolen.<\/p>\n<p><strong>Breakfast:<\/strong> 08.00 &#8211; 08.45.<\/p>\n<p><strong>Check Out: <\/strong>Until 10:00.<\/p>\n<\/div><a href=\"https:\/\/nansenskolen.no\/english\/\" class=\"dc-button  dc-button--color-green-dark dc-button--has-title\" target=\"_self\"  >More about Nansen School<\/a>\t\t<\/div>\n\n\t\t<div class=\"large-1\"><\/div>\n\n\t\t<div class=\"columns small-12 medium-5\">\n\t\t\t<img decoding=\"async\" src=\"https:\/\/peace.no\/wp-content\/uploads\/2025\/10\/64708dac4f90b915da16356f_Nansenskolen-970x728-1.jpg\" alt=\"\" class=\"text-and-image__image crop\" \/>\t\t<\/div>\n\t<\/div>\n\n<\/section>\n\n\n\n<section id=\"text-and-image-block_5c461070a0af6de4076553834e46560c\" class=\"block-section text-and-image  align-full\">\n\t<div class=\"row\">\n\t\t<div class=\"columns small-12 medium-6 \">\n\t\t\t<h2 class=\"text-and-image__title\">Scandic Victoria Lillehammer<\/h2><div class=\"text-and-image__content\"><p>Scandic Victoria Lillehammer is centrally located on Lillehammer&#8217;s popular pedestrian street, Storgata. Just a three-minute walk from Lillehammer Station.<\/p>\n<p><strong>Address: <a href=\"https:\/\/www.scandichotels.com\/no\/hotell\/scandic-victoria-lillehammer?view=map\">Nymosvingen 3, Lillehammer<\/a><\/strong><\/p>\n<p><strong>Contact:<\/strong> <a href=\"tel:+47 61 27 17 00\">+47 612 717 00<\/a><\/p>\n<\/div><a href=\"https:\/\/www.scandichotels.com\/no\/hotell\/scandic-victoria-lillehammer\" class=\"dc-button  dc-button--color-green-dark dc-button--has-title\" target=\"_self\"  >More about Victoria<\/a>\t\t<\/div>\n\n\t\t<div class=\"large-1\"><\/div>\n\n\t\t<div class=\"columns small-12 medium-5\">\n\t\t\t<img decoding=\"async\" src=\"https:\/\/peace.no\/wp-content\/uploads\/2025\/12\/Skjermbilde-2025-12-02-121044.png\" alt=\"\" class=\"text-and-image__image crop\" \/>\t\t<\/div>\n\t<\/div>\n\n<\/section>\n\n\n\n<section id=\"text-and-image-block_e7b5fea22a0d68a9250ff2d887246cbf\" class=\"block-section text-and-image  align-full\">\n\t<div class=\"row\">\n\t\t<div class=\"columns small-12 medium-6 \">\n\t\t\t<h2 class=\"text-and-image__title\">Breiseth Hotel<\/h2><div class=\"text-and-image__content\"><p>Breiseth Artist Hotel is located 150 meters up the hill from Lillehammer station. 10 minutes walk from the Nansen Peace Center.<\/p>\n<p><strong>Address:<\/strong> <a href=\"https:\/\/maps.app.goo.gl\/vSnnsd5LogUoiXH8A\">Jernbanegata 1-5<\/a><\/p>\n<p><strong>Contact:<\/strong> <a href=\"tel:+47 95979434\" target=\"_blank\" rel=\"noopener\" data-v-4db3f22d=\"\" data-v-32d6c9f8=\"\">+47 95979434<\/a><\/p>\n<p><strong>Check In:<\/strong> From 16:00.<\/p>\n<p><strong>Check Out: <\/strong>Until\u00a011:00<\/p>\n<\/div><a href=\"https:\/\/app.digitalguest.com\/guestbook\/FirstHotelBreiseth\" class=\"dc-button  dc-button--color-green-dark dc-button--has-title\" target=\"_self\"  >More about Breiseth<\/a>\t\t<\/div>\n\n\t\t<div class=\"large-1\"><\/div>\n\n\t\t<div class=\"columns small-12 medium-5\">\n\t\t\t<img decoding=\"async\" src=\"https:\/\/peace.no\/wp-content\/uploads\/2025\/10\/Skjermbilde-2025-10-27-182245.png\" alt=\"\" class=\"text-and-image__image crop\" \/>\t\t<\/div>\n\t<\/div>\n\n<\/section>\n\n\n\n<div style=\"height:32px\" aria-hidden=\"true\" class=\"wp-block-spacer\"><\/div>\n<\/div>\n<\/div>\n\n\n\n<div class=\"wp-block-columns is-layout-flex wp-container-core-columns-is-layout-9d6595d7 wp-block-columns-is-layout-flex\">\n<div class=\"wp-block-column is-layout-flow wp-block-column-is-layout-flow\"><\/div>\n\n\n\n<div class=\"wp-block-column is-layout-flow wp-block-column-is-layout-flow\"><\/div>\n\n\n\n<div class=\"wp-block-column is-layout-flow wp-block-column-is-layout-flow\"><\/div>\n<\/div>\n","protected":false},"excerpt":{"rendered":"<p>Velkommen til Lillehammer &#8211; her er info for \u00e5 finne fram, sjekke inn, koble av og fylle p\u00e5 mens du er i Dialogbyen. <\/p>\n","protected":false},"author":11,"featured_media":7368,"parent":0,"menu_order":0,"comment_status":"closed","ping_status":"closed","template":"","meta":{"_acf_changed":false,"footnotes":""},"class_list":["post-9781","page","type-page","status-publish","has-post-thumbnail","hentry"],"acf":[],"_links":{"self":[{"href":"https:\/\/peace.no\/en\/wp-json\/wp\/v2\/pages\/9781","targetHints":{"allow":["GET"]}}],"collection":[{"href":"https:\/\/peace.no\/en\/wp-json\/wp\/v2\/pages"}],"about":[{"href":"https:\/\/peace.no\/en\/wp-json\/wp\/v2\/types\/page"}],"author":[{"embeddable":true,"href":"https:\/\/peace.no\/en\/wp-json\/wp\/v2\/users\/11"}],"replies":[{"embeddable":true,"href":"https:\/\/peace.no\/en\/wp-json\/wp\/v2\/comments?post=9781"}],"version-history":[{"count":13,"href":"https:\/\/peace.no\/en\/wp-json\/wp\/v2\/pages\/9781\/revisions"}],"predecessor-version":[{"id":9937,"href":"https:\/\/peace.no\/en\/wp-json\/wp\/v2\/pages\/9781\/revisions\/9937"}],"wp:featuredmedia":[{"embeddable":true,"href":"https:\/\/peace.no\/en\/wp-json\/wp\/v2\/media\/7368"}],"wp:attachment":[{"href":"https:\/\/peace.no\/en\/wp-json\/wp\/v2\/media?parent=9781"}],"curies":[{"name":"wp","href":"https:\/\/api.w.org\/{rel}","templated":true}]}}