{"id":9655,"date":"2025-10-27T17:20:33","date_gmt":"2025-10-27T17:20:33","guid":{"rendered":"https:\/\/peace.no\/praktisk\/"},"modified":"2025-12-01T18:59:56","modified_gmt":"2025-12-01T18:59:56","slug":"praktisk","status":"publish","type":"page","link":"https:\/\/peace.no\/en\/praktisk\/","title":{"rendered":"Praktisk info | Overnatte og spise Lillehammer"},"content":{"rendered":"\n<div class=\"wp-block-columns is-layout-flex wp-container-core-columns-is-layout-9d6595d7 wp-block-columns-is-layout-flex\">\n<div class=\"wp-block-column is-layout-flow wp-block-column-is-layout-flow\" style=\"flex-basis:1440px\">\n<section id=\"hero-banner-block_49b8da4925b7b5f10e43c6219e3a98ac\" class=\"block-section hero-banner  fullwidth-block align-full\">\n\n\t\t\t<div class=\"hero-banner__background-wrapper\">\n\t\t\t\t<img decoding=\"async\" alt=\"\" src=\"https:\/\/peace.no\/wp-content\/uploads\/2025\/10\/484.jpg\" \/>\t\t\t\t<div class=\"hero-banner__background-wrapper__overlay\"><\/div>\n\t\t\t\t<div style=\"background-image: url(https:\/\/peace.no\/wp-content\/uploads\/2025\/10\/484.jpg)\" class=\"hero-banner__background-wrapper__clear\"><\/div>\n\t\t<\/div>\n\t\n\n\t<div class=\"row\">\n\t\t<div class=\"columns small-12 medium-7 large-5\">\n\t\t\t<div><\/div><div class=\"hero-banner__text-wrapper\"><h1 class=\"hero-banner__title\">Overnatte og spise i Lillehammer<\/h1><h2 class=\"hero-banner__sub-title\">Praktisk info for deg som bes\u00f8ker Dialogbyen Lillehammer i forbindelse med kurs eller konferanse.<\/h2><\/div><div class=\"hero-banner__buttons-wrapper\"><a href=\"https:\/\/www.heartbox.no\/\" class=\"dc-button  dc-button--color-green-dark dc-button--has-title\" target=\"_self\"  >Konferanselokalet HEARTBOX<\/a><a href=\"https:\/\/peace.no\/dembra\/\" class=\"dc-button  dc-button--color-green-dark dc-button--has-title\" target=\"_self\"  >Program DEMBRA-konferansen<\/a><a href=\"https:\/\/peace.no\/meny\/\" class=\"dc-button  dc-button--color-green-dark dc-button--has-title\" target=\"_self\"  >Meny konferansemiddag<\/a><\/div>\t\t<\/div>\n\t<\/div>\n\n<\/section>\n\n\n\n<section id=\"text-and-image-block_5c587e6c1f64fd80a3d2733206ea9445\" class=\"block-section text-and-image  align-full\">\n\t<div class=\"row\">\n\t\t<div class=\"columns small-12 medium-6 \">\n\t\t\t<h2 class=\"text-and-image__title\">Breiseth hotell<\/h2><div class=\"text-and-image__content\"><p>Kunstnerhotellet Breiseth ligger 150 meter opp bakken fra Lillehammer stasjon.<\/p>\n<p><strong>Adresse:<\/strong> <a href=\"https:\/\/maps.app.goo.gl\/vSnnsd5LogUoiXH8A\">Jernbanegata 1-5<\/a><\/p>\n<p><strong>Kontakt:<\/strong> <a href=\"tel:+47 95979434\" target=\"_blank\" rel=\"noopener\" data-v-4db3f22d=\"\" data-v-32d6c9f8=\"\">+47 95979434<\/a><\/p>\n<p><strong>Innsjekk:<\/strong> Fra kl 16:00 &#8211; mulig \u00e5 sette inn bagasje tidligere p\u00e5 dagen. D\u00f8gnbemannet respesjon.<\/p>\n<p><strong>Utsjekk: <\/strong>Senest kl 11:00<\/p>\n<\/div><a href=\"https:\/\/app.digitalguest.com\/guestbook\/FirstHotelBreiseth\" class=\"dc-button  dc-button--color-green-dark dc-button--has-title\" target=\"_self\"  >Praktisk info Breiseth<\/a>\t\t<\/div>\n\n\t\t<div class=\"large-1\"><\/div>\n\n\t\t<div class=\"columns small-12 medium-5\">\n\t\t\t<img decoding=\"async\" src=\"https:\/\/peace.no\/wp-content\/uploads\/2025\/10\/Skjermbilde-2025-10-27-182245.png\" alt=\"\" class=\"text-and-image__image crop\" \/>\t\t<\/div>\n\t<\/div>\n\n<\/section>\n\n\n\n<h3 class=\"wp-block-heading\"><strong>Avstander fra Breiseth Hotell:<\/strong> <\/h3>\n\n\n\n<ul class=\"wp-block-list\">\n<li>10 min til fots til Nansen Fredssenter &#8211; og til Heartbox i motsatt vei.<\/li>\n\n\n\n<li>2 min til fots opp til G\u00e5gata &#8211; Lillehammers sjarmerende sentrums\u00e5re.<\/li>\n\n\n\n<li>2 min til fots til Lillehammer kunstmuseum, kino og en rekke restauranter og kafeer.<\/li>\n<\/ul>\n\n\n\n<section id=\"text-and-image-block_acb43b52192274765c489d9506664973\" class=\"block-section text-and-image reversed align-full\">\n\t<div class=\"row\">\n\t\t<div class=\"columns small-12 medium-6 \">\n\t\t\t<h2 class=\"text-and-image__title\">D\u00f8laheimen hotell<\/h2><div class=\"text-and-image__content\"><p>Budsjettfl\u00f8yen p\u00e5 kunsnerhotellet Breiseth heter D\u00f8laheimen og ligger 150 meter opp bakken fra Lillehammer stasjon &#8211; med felles respesjon som Breiseth.<\/p>\n<p><strong>Adresse:<\/strong> <a href=\"https:\/\/maps.app.goo.gl\/vSnnsd5LogUoiXH8A\">Jernbanegata 1-5<\/a><\/p>\n<p><strong>Kontakt:<\/strong> <a href=\"tel:+47 95979434\" target=\"_blank\" rel=\"noopener\" data-v-4db3f22d=\"\" data-v-32d6c9f8=\"\">+47 95979434<\/a><\/p>\n<p><strong>Innsjekk:<\/strong> Fra kl 16:00 &#8211; mulig \u00e5 sette inn bagasje tidligere p\u00e5 dagen. D\u00f8gnbemannet respesjon.<\/p>\n<p><strong>Utsjekk: <\/strong>Senest kl 11:00<\/p>\n<\/div><a href=\"https:\/\/app.digitalguest.com\/guestbook\/FirstHotelBreiseth\" class=\"dc-button  dc-button--color-green-dark dc-button--has-title\" target=\"_self\"  >Praktisk info Breiseth<\/a>\t\t<\/div>\n\n\t\t<div class=\"large-1\"><\/div>\n\n\t\t<div class=\"columns small-12 medium-5\">\n\t\t\t<img decoding=\"async\" src=\"https:\/\/peace.no\/wp-content\/uploads\/2025\/10\/695498725.jpg\" alt=\"\" class=\"text-and-image__image crop\" \/>\t\t<\/div>\n\t<\/div>\n\n<\/section>\n\n\n\n<h3 class=\"wp-block-heading\"><strong>Avstander fra D\u00f8laheimen hotell:<\/strong><\/h3>\n\n\n\n<ul class=\"wp-block-list\">\n<li>10 min til fots til Nansen Fredssenter &#8211; og til Heartbox i motsatt vei.<\/li>\n\n\n\n<li>2 min til fots opp til G\u00e5gata &#8211; Lillehammers sjarmerende sentrums\u00e5re.<\/li>\n\n\n\n<li>2 min til fots til Lillehammer kunstmuseum, kino og en rekke restauranter og kafeer.<\/li>\n<\/ul>\n\n\n\n<section id=\"text-and-image-block_d5a02551addcc937d1d4b954295b9ab8\" class=\"block-section text-and-image  align-full\">\n\t<div class=\"row\">\n\t\t<div class=\"columns small-12 medium-6 \">\n\t\t\t<h2 class=\"text-and-image__title\">Stasjonen hotell<\/h2><div class=\"text-and-image__content\"><p>Stasjonen hotell er et supert utgangspunkt for ditt opphold p\u00e5 Lillehammer. Plassert p\u00e5 skysstasjonen, med umiddelbar n\u00e6rhet til sentrum,\u00a0 tog og buss.<\/p>\n<p><strong>Adresse:<\/strong> <a href=\"https:\/\/maps.app.goo.gl\/K26P3vFMQXerbuQY8\">Lillehammer Skysstasjon<\/a><\/p>\n<p><strong>Kontakt:<\/strong> +47 61 26 00 24<\/p>\n<p><strong>Innsjekk:<\/strong> Fra kl 16:00 &#8211; mulig \u00e5 sette inn bagasje tidligere p\u00e5 dagen. D\u00f8gnbemannet respesjon.<\/p>\n<p><strong>Utsjekk: <\/strong>Senest kl 11:00<\/p>\n<\/div><a href=\"https:\/\/maps.app.goo.gl\/K26P3vFMQXerbuQY8\" class=\"dc-button  dc-button--color-green-dark dc-button--has-title\" target=\"_self\"  >Praktisk info Stasjonen hotell<\/a>\t\t<\/div>\n\n\t\t<div class=\"large-1\"><\/div>\n\n\t\t<div class=\"columns small-12 medium-5\">\n\t\t\t<img decoding=\"async\" src=\"https:\/\/peace.no\/wp-content\/uploads\/2025\/10\/IMG_7058-scaled-1.jpg\" alt=\"\" class=\"text-and-image__image crop\" \/>\t\t<\/div>\n\t<\/div>\n\n<\/section>\n\n\n\n<h3 class=\"wp-block-heading\"><strong>Avstander fra Stasjonen hotell:<\/strong><\/h3>\n\n\n\n<ul class=\"wp-block-list\">\n<li>10 min til fots til Nansen Fredssenter &#8211; og til Heartbox i motsatt vei.<\/li>\n\n\n\n<li>3 min til fots opp til G\u00e5gata &#8211; Lillehammers sjarmerende sentrums\u00e5re.<\/li>\n\n\n\n<li>3 min til fots til Lillehammer kunstmuseum, kino og en rekke restauranter og kafeer.<\/li>\n<\/ul>\n\n\n\n<section id=\"text-and-image-block_6cb51dc9803e1635a46736567f1d83de\" class=\"block-section text-and-image reversed align-full\">\n\t<div class=\"row\">\n\t\t<div class=\"columns small-12 medium-6 \">\n\t\t\t<h2 class=\"text-and-image__title\">Nansenskolen<\/h2><div class=\"text-and-image__content\"><p>Nansenskolen er et vakkert, historisk og sv\u00e6rt komfortabelt sted \u00e5 bo under ditt opphold p\u00e5 Lillehammer. Kort vei fra sentrum, med delikat oppussede dobbeltrom med bad p\u00e5 gangen.<\/p>\n<p><strong>Adresse:<\/strong> <a href=\"https:\/\/maps.app.goo.gl\/C2UAXzmBSwMcdqLJ9\">Bj\u00f8rnstjerne Bj\u00f8rnsons gate 2<\/a><\/p>\n<p><strong>Kontakt:<\/strong> <a href=\"tel:61 26 54 00\">61 26 54 00<\/a><\/p>\n<p><strong>Innsjekk:<\/strong> Kl 14:00 &#8211; 22:00 i foajeen p\u00e5 Nansenskolen. Mulig \u00e5 sette inn bagasje tidligere p\u00e5 dagen.<\/p>\n<p><strong>Frokost:<\/strong> Kl\u00a008.00 &#8211; 08.45. F\u00f8r frokost er kaffemaskinene ogs\u00e5 tilgjengelige.<\/p>\n<p><strong>Utsjekk: <\/strong>Senest kl 10:00.<\/p>\n<\/div><a href=\"https:\/\/nansenskolen.no\/\" class=\"dc-button  dc-button--color-green-dark dc-button--has-title\" target=\"_self\"  >Mer om Nansenskolen<\/a>\t\t<\/div>\n\n\t\t<div class=\"large-1\"><\/div>\n\n\t\t<div class=\"columns small-12 medium-5\">\n\t\t\t<img decoding=\"async\" src=\"https:\/\/peace.no\/wp-content\/uploads\/2025\/10\/64708dac4f90b915da16356f_Nansenskolen-970x728-1.jpg\" alt=\"\" class=\"text-and-image__image crop\" \/>\t\t<\/div>\n\t<\/div>\n\n<\/section>\n\n\n\n<h3 class=\"wp-block-heading\"><strong>Avstander fra Nansenskolen:<\/strong><\/h3>\n\n\n\n<ul class=\"wp-block-list\">\n<li>10 min til fots til Nansen Fredssenter til sentrum, g\u00e5gata og Lillehammer Skysstasjon<\/li>\n\n\n\n<li>15 min til fots til konferanselokalene p\u00e5 <a href=\"https:\/\/www.heartbox.no\/\">Heartbox<\/a><\/li>\n\n\n\n<li>10 min til fots til Lillehammer kunstmuseum, kino og en rekke restauranter og kafeer.<\/li>\n<\/ul>\n\n\n\n<div style=\"height:32px\" aria-hidden=\"true\" class=\"wp-block-spacer\"><\/div>\n\n\n\n<h2 class=\"wp-block-heading\"><strong>Spise &amp; drikke Lillehammer sentrum:<\/strong><\/h2>\n<\/div>\n<\/div>\n\n\n\n<div class=\"wp-block-columns is-layout-flex wp-container-core-columns-is-layout-9d6595d7 wp-block-columns-is-layout-flex\">\n<div class=\"wp-block-column is-layout-flow wp-block-column-is-layout-flow\">\n<figure class=\"wp-block-image size-full\"><img loading=\"lazy\" decoding=\"async\" width=\"800\" height=\"800\" src=\"https:\/\/peace.no\/wp-content\/uploads\/2025\/10\/lyng-mat-bar.jpg\" alt=\"\" class=\"wp-image-7438\" srcset=\"https:\/\/peace.no\/wp-content\/uploads\/2025\/10\/lyng-mat-bar.jpg 800w, https:\/\/peace.no\/wp-content\/uploads\/2025\/10\/lyng-mat-bar-300x300.jpg 300w, https:\/\/peace.no\/wp-content\/uploads\/2025\/10\/lyng-mat-bar-150x150.jpg 150w, https:\/\/peace.no\/wp-content\/uploads\/2025\/10\/lyng-mat-bar-768x768.jpg 768w, https:\/\/peace.no\/wp-content\/uploads\/2025\/10\/lyng-mat-bar-376x376.jpg 376w\" sizes=\"auto, (max-width: 800px) 100vw, 800px\" \/><\/figure>\n\n\n\n<p class=\"has-text-align-center\"><strong><a href=\"https:\/\/lyngmatogbar.no\/\">LYNG<\/a><\/strong> <strong><a href=\"https:\/\/lyngmatogbar.no\/\">mat &amp; bar<\/a><\/strong><\/p>\n\n\n\n<figure class=\"wp-block-image size-full\"><img loading=\"lazy\" decoding=\"async\" width=\"320\" height=\"320\" src=\"https:\/\/peace.no\/wp-content\/uploads\/2025\/10\/DSC_1744_web-edited.jpg\" alt=\"\" class=\"wp-image-7486\" srcset=\"https:\/\/peace.no\/wp-content\/uploads\/2025\/10\/DSC_1744_web-edited.jpg 320w, https:\/\/peace.no\/wp-content\/uploads\/2025\/10\/DSC_1744_web-edited-300x300.jpg 300w, https:\/\/peace.no\/wp-content\/uploads\/2025\/10\/DSC_1744_web-edited-150x150.jpg 150w\" sizes=\"auto, (max-width: 320px) 100vw, 320px\" \/><\/figure>\n\n\n\n<p class=\"has-text-align-center\"><a href=\"https:\/\/www.heim.no\/\"><strong>HEIM<\/strong><\/a> <a href=\"https:\/\/www.heim.no\/\"><strong>gastropub<\/strong><\/a><\/p>\n\n\n\n<figure class=\"wp-block-image size-full\"><img loading=\"lazy\" decoding=\"async\" width=\"1117\" height=\"1117\" src=\"https:\/\/peace.no\/wp-content\/uploads\/2025\/10\/Skjermbilde-2025-10-28-145845-edited.png\" alt=\"\" class=\"wp-image-7561\" srcset=\"https:\/\/peace.no\/wp-content\/uploads\/2025\/10\/Skjermbilde-2025-10-28-145845-edited.png 1117w, https:\/\/peace.no\/wp-content\/uploads\/2025\/10\/Skjermbilde-2025-10-28-145845-edited-300x300.png 300w, https:\/\/peace.no\/wp-content\/uploads\/2025\/10\/Skjermbilde-2025-10-28-145845-edited-1024x1024.png 1024w, https:\/\/peace.no\/wp-content\/uploads\/2025\/10\/Skjermbilde-2025-10-28-145845-edited-150x150.png 150w, https:\/\/peace.no\/wp-content\/uploads\/2025\/10\/Skjermbilde-2025-10-28-145845-edited-768x768.png 768w, https:\/\/peace.no\/wp-content\/uploads\/2025\/10\/Skjermbilde-2025-10-28-145845-edited-376x376.png 376w\" sizes=\"auto, (max-width: 1117px) 100vw, 1117px\" \/><\/figure>\n\n\n\n<p class=\"has-text-align-center\"><a href=\"https:\/\/aksjemollen.no\/toppen-skybar\"><strong>Toppen Skybar<\/strong><\/a><\/p>\n<\/div>\n\n\n\n<div class=\"wp-block-column is-layout-flow wp-block-column-is-layout-flow\">\n<figure class=\"wp-block-image size-large\"><img loading=\"lazy\" decoding=\"async\" width=\"699\" height=\"700\" src=\"https:\/\/peace.no\/wp-content\/uploads\/2025\/10\/hvelvet-edited.jpg\" alt=\"\" class=\"wp-image-7452\" srcset=\"https:\/\/peace.no\/wp-content\/uploads\/2025\/10\/hvelvet-edited.jpg 699w, https:\/\/peace.no\/wp-content\/uploads\/2025\/10\/hvelvet-edited-300x300.jpg 300w, https:\/\/peace.no\/wp-content\/uploads\/2025\/10\/hvelvet-edited-150x150.jpg 150w, https:\/\/peace.no\/wp-content\/uploads\/2025\/10\/hvelvet-edited-375x376.jpg 375w\" sizes=\"auto, (max-width: 699px) 100vw, 699px\" \/><\/figure>\n\n\n\n<p class=\"has-text-align-center\"><a href=\"https:\/\/hvelvet.no\/\"><strong>Hvelvet<\/strong><\/a> <a href=\"https:\/\/hvelvet.no\/\"><strong>Restaurant<\/strong><\/a><\/p>\n\n\n\n<figure class=\"wp-block-image size-large\"><img loading=\"lazy\" decoding=\"async\" width=\"960\" height=\"960\" src=\"https:\/\/peace.no\/wp-content\/uploads\/2025\/10\/caption-edited.jpg\" alt=\"\" class=\"wp-image-7512\" srcset=\"https:\/\/peace.no\/wp-content\/uploads\/2025\/10\/caption-edited.jpg 960w, https:\/\/peace.no\/wp-content\/uploads\/2025\/10\/caption-edited-300x300.jpg 300w, https:\/\/peace.no\/wp-content\/uploads\/2025\/10\/caption-edited-150x150.jpg 150w, https:\/\/peace.no\/wp-content\/uploads\/2025\/10\/caption-edited-768x768.jpg 768w, https:\/\/peace.no\/wp-content\/uploads\/2025\/10\/caption-edited-376x376.jpg 376w\" sizes=\"auto, (max-width: 960px) 100vw, 960px\" \/><\/figure>\n\n\n\n<p class=\"has-text-align-center\"><a href=\"https:\/\/lillehammermikrobryggeri.no\/\"><strong>Lillehammer<\/strong><\/a> <a href=\"https:\/\/lillehammermikrobryggeri.no\/\"><strong>Mikrobryggeri<\/strong><\/a><\/p>\n\n\n\n<figure class=\"wp-block-image size-large\"><img loading=\"lazy\" decoding=\"async\" width=\"1498\" height=\"1499\" src=\"https:\/\/peace.no\/wp-content\/uploads\/2025\/10\/c422aee2-043a-4665-a24b-466a10358562-edited.jpg\" alt=\"\" class=\"wp-image-7576\" srcset=\"https:\/\/peace.no\/wp-content\/uploads\/2025\/10\/c422aee2-043a-4665-a24b-466a10358562-edited.jpg 1498w, https:\/\/peace.no\/wp-content\/uploads\/2025\/10\/c422aee2-043a-4665-a24b-466a10358562-edited-300x300.jpg 300w, https:\/\/peace.no\/wp-content\/uploads\/2025\/10\/c422aee2-043a-4665-a24b-466a10358562-edited-1024x1024.jpg 1024w, https:\/\/peace.no\/wp-content\/uploads\/2025\/10\/c422aee2-043a-4665-a24b-466a10358562-edited-150x150.jpg 150w, https:\/\/peace.no\/wp-content\/uploads\/2025\/10\/c422aee2-043a-4665-a24b-466a10358562-edited-768x769.jpg 768w, https:\/\/peace.no\/wp-content\/uploads\/2025\/10\/c422aee2-043a-4665-a24b-466a10358562-edited-376x376.jpg 376w\" sizes=\"auto, (max-width: 1498px) 100vw, 1498px\" \/><\/figure>\n\n\n\n<p class=\"has-text-align-center\"><a href=\"https:\/\/www.fabrikken.org\/no\/\"><strong>Fabrikken Pub &amp; Scene<\/strong><\/a><\/p>\n<\/div>\n\n\n\n<div class=\"wp-block-column is-layout-flow wp-block-column-is-layout-flow\">\n<figure class=\"wp-block-image size-large\"><img loading=\"lazy\" decoding=\"async\" width=\"1000\" height=\"1000\" src=\"https:\/\/peace.no\/wp-content\/uploads\/2025\/10\/bryggerikjelleren-edited.jpg\" alt=\"\" class=\"wp-image-7469\" srcset=\"https:\/\/peace.no\/wp-content\/uploads\/2025\/10\/bryggerikjelleren-edited.jpg 1000w, https:\/\/peace.no\/wp-content\/uploads\/2025\/10\/bryggerikjelleren-edited-300x300.jpg 300w, https:\/\/peace.no\/wp-content\/uploads\/2025\/10\/bryggerikjelleren-edited-150x150.jpg 150w, https:\/\/peace.no\/wp-content\/uploads\/2025\/10\/bryggerikjelleren-edited-768x768.jpg 768w, https:\/\/peace.no\/wp-content\/uploads\/2025\/10\/bryggerikjelleren-edited-376x376.jpg 376w\" sizes=\"auto, (max-width: 1000px) 100vw, 1000px\" \/><\/figure>\n\n\n\n<p class=\"has-text-align-center\"><a href=\"https:\/\/www.bblillehammer.no\/\"><strong>Bryggerikjelleren<\/strong><\/a><\/p>\n\n\n\n<figure class=\"wp-block-image size-large\"><img loading=\"lazy\" decoding=\"async\" width=\"853\" height=\"853\" src=\"https:\/\/peace.no\/wp-content\/uploads\/2025\/10\/parken_Easy-Resize.com_1-edited.jpg\" alt=\"\" class=\"wp-image-7528\" srcset=\"https:\/\/peace.no\/wp-content\/uploads\/2025\/10\/parken_Easy-Resize.com_1-edited.jpg 853w, https:\/\/peace.no\/wp-content\/uploads\/2025\/10\/parken_Easy-Resize.com_1-edited-300x300.jpg 300w, https:\/\/peace.no\/wp-content\/uploads\/2025\/10\/parken_Easy-Resize.com_1-edited-150x150.jpg 150w, https:\/\/peace.no\/wp-content\/uploads\/2025\/10\/parken_Easy-Resize.com_1-edited-768x768.jpg 768w, https:\/\/peace.no\/wp-content\/uploads\/2025\/10\/parken_Easy-Resize.com_1-edited-376x376.jpg 376w\" sizes=\"auto, (max-width: 853px) 100vw, 853px\" \/><\/figure>\n\n\n\n<p class=\"has-text-align-center\"><strong><a href=\"https:\/\/www.parkcafeen.no\/\">Parkkaf\u00e9en<\/a><\/strong><\/p>\n\n\n\n<figure class=\"wp-block-image size-large\"><img loading=\"lazy\" decoding=\"async\" width=\"1703\" height=\"1703\" src=\"https:\/\/peace.no\/wp-content\/uploads\/2025\/10\/KTP_8006_m1-scaled-1-edited.jpg\" alt=\"\" class=\"wp-image-7592\" srcset=\"https:\/\/peace.no\/wp-content\/uploads\/2025\/10\/KTP_8006_m1-scaled-1-edited.jpg 1703w, https:\/\/peace.no\/wp-content\/uploads\/2025\/10\/KTP_8006_m1-scaled-1-edited-300x300.jpg 300w, https:\/\/peace.no\/wp-content\/uploads\/2025\/10\/KTP_8006_m1-scaled-1-edited-1024x1024.jpg 1024w, https:\/\/peace.no\/wp-content\/uploads\/2025\/10\/KTP_8006_m1-scaled-1-edited-150x150.jpg 150w, https:\/\/peace.no\/wp-content\/uploads\/2025\/10\/KTP_8006_m1-scaled-1-edited-768x768.jpg 768w, https:\/\/peace.no\/wp-content\/uploads\/2025\/10\/KTP_8006_m1-scaled-1-edited-1536x1536.jpg 1536w, https:\/\/peace.no\/wp-content\/uploads\/2025\/10\/KTP_8006_m1-scaled-1-edited-376x376.jpg 376w\" sizes=\"auto, (max-width: 1703px) 100vw, 1703px\" \/><\/figure>\n\n\n\n<p class=\"has-text-align-center\"><strong><a href=\"https:\/\/www.parkcafeen.no\/\">Kj\u00f8pstaden Brasseri &amp; Bar<\/a><\/strong><\/p>\n<\/div>\n<\/div>\n\n\n\n<div class=\"wp-block-columns is-layout-flex wp-container-core-columns-is-layout-9d6595d7 wp-block-columns-is-layout-flex\">\n<div class=\"wp-block-column is-layout-flow wp-block-column-is-layout-flow\"><\/div>\n\n\n\n<div class=\"wp-block-column is-layout-flow wp-block-column-is-layout-flow\"><\/div>\n\n\n\n<div class=\"wp-block-column is-layout-flow wp-block-column-is-layout-flow\"><\/div>\n<\/div>\n","protected":false},"excerpt":{"rendered":"<p>Velkommen til Lillehammer &#8211; her er info for \u00e5 finne fram, sjekke inn, koble av og fylle p\u00e5 mens du er i Dialogbyen. <\/p>\n","protected":false},"author":11,"featured_media":7368,"parent":0,"menu_order":0,"comment_status":"closed","ping_status":"closed","template":"","meta":{"_acf_changed":false,"footnotes":""},"class_list":["post-9655","page","type-page","status-publish","has-post-thumbnail","hentry"],"acf":[],"_links":{"self":[{"href":"https:\/\/peace.no\/en\/wp-json\/wp\/v2\/pages\/9655","targetHints":{"allow":["GET"]}}],"collection":[{"href":"https:\/\/peace.no\/en\/wp-json\/wp\/v2\/pages"}],"about":[{"href":"https:\/\/peace.no\/en\/wp-json\/wp\/v2\/types\/page"}],"author":[{"embeddable":true,"href":"https:\/\/peace.no\/en\/wp-json\/wp\/v2\/users\/11"}],"replies":[{"embeddable":true,"href":"https:\/\/peace.no\/en\/wp-json\/wp\/v2\/comments?post=9655"}],"version-history":[{"count":1,"href":"https:\/\/peace.no\/en\/wp-json\/wp\/v2\/pages\/9655\/revisions"}],"predecessor-version":[{"id":9658,"href":"https:\/\/peace.no\/en\/wp-json\/wp\/v2\/pages\/9655\/revisions\/9658"}],"wp:featuredmedia":[{"embeddable":true,"href":"https:\/\/peace.no\/en\/wp-json\/wp\/v2\/media\/7368"}],"wp:attachment":[{"href":"https:\/\/peace.no\/en\/wp-json\/wp\/v2\/media?parent=9655"}],"curies":[{"name":"wp","href":"https:\/\/api.w.org\/{rel}","templated":true}]}}