{"id":10669,"date":"2022-01-14T10:54:29","date_gmt":"2022-01-14T10:54:29","guid":{"rendered":"https:\/\/peace.no\/dembra\/"},"modified":"2025-12-08T12:57:39","modified_gmt":"2025-12-08T12:57:39","slug":"dembra","status":"publish","type":"page","link":"https:\/\/peace.no\/en\/dembra\/","title":{"rendered":"Dembra"},"content":{"rendered":"\n<section id=\"sub-page-hero-block_5257b13394cd8abad7b9cfaf867be337\" class=\"block-section sub-page-hero beige align-full\">\n\t<div class=\"row\">\n\t\t<div class=\"columns small-12 large-6 sub-page-hero__text-wrapper\">\n\t\t\t<h2 class=\"sub-page-hero__title\">Democracy against prejudice and exclusion<\/h2><p class=\"sub-page-hero__text\">DEMBRA supports schools and teacher education programs in their work to prevent prejudice and group hostility by developing democratic preparedness. The service is free of charge.<\/p><a href=\"http:\/\/www.dembra.no\" class=\"dc-button  dc-button--color-green-dark dc-button--has-title\" target=\"_self\"  >Dembra Resources<\/a>\t\t<\/div>\n\n\t\t<div class=\"columns small-12 large-5 large-offset-1\">\n\t\t\t<img decoding=\"async\" class=\"sub-page-hero__image\" src=\"https:\/\/peace.no\/wp-content\/uploads\/2024\/02\/Frame-632-1.png\" alt=\"\" \/>\t\t<\/div>\n\t<\/div>\n\n<\/section>\n\n\n\n\n<p>The Norwegian Directorate for Education and Training recommends Dembra as a competence measure in schools.<\/p>\n\n\n\n<p>Dembra (Democratic Preparedness Against Racism, Antisemitism, and Undemocratic Attitudes) offers schools (all grade levels) and teacher education programs:<\/p>\n\n\n\n<p>Tailored guidance<br>Events<br>Online resources for schools and teacher education.<\/p>\n\n\n\n<p>The goal is to strengthen each school&#8217;s work on democratic preparedness against various forms of hostility towards groups:<\/p>\n\n\n\n<ul class=\"wp-block-list\">\n<li>Prejudice<\/li>\n\n\n\n<li>Xenophobia<\/li>\n\n\n\n<li>Racism<\/li>\n\n\n\n<li>Islamophobia<\/li>\n\n\n\n<li>Antisemitism<\/li>\n\n\n\n<li>Extremism<\/li>\n<\/ul>\n\n\n\n<p>The offer is based on the school&#8217;s own needs related to democracy education and the prevention of hostility towards groups. Dembra provides support and new perspectives in the development work that is already underway at the school.<\/p>\n\n\n\n<p>Through free participation in Dembra, your school or teacher education program will receive:<\/p>\n\n\n\n<p>Its own Dembra mentor for up to one and a half years<br>Better overview of initiatives<br>Strengthened collaborative culture<br>Support in further developing and streamlining the work teachers are already doing in this area<\/p>\n\n\n\n<p>The school follows a process that involves mapping, selecting focus areas, implementing initiatives\/activities\/courses, evaluating, and continuing efforts.<\/p>\n\n\n\n<p>Being a Dembra school is completely free.<\/p>\n\n\n\n<p><strong>Background<\/strong><\/p>\n\n\n\n<p>Dembra is supported by the Norwegian Directorate for Education and Training on behalf of the Ministry of Education and Research. The work is part of the government&#8217;s efforts against racism and antisemitism, and is included in the preventive work against radicalization and violent extremism. <\/p>\n\n\n\n<h2 class=\"wp-block-heading\">Dembra Schools guided by Nansen Center for Peace and Dialogue:<\/h2>\n\n\n\n<div class=\"wp-block-columns is-layout-flex wp-container-core-columns-is-layout-9d6595d7 wp-block-columns-is-layout-flex\">\n<div class=\"wp-block-column is-layout-flow wp-block-column-is-layout-flow\">\n<figure class=\"wp-block-image size-large\"><img loading=\"lazy\" decoding=\"async\" width=\"724\" height=\"1024\" src=\"https:\/\/peace.no\/wp-content\/uploads\/2025\/11\/Diplom-Dembra-8-724x1024.png\" alt=\"\" class=\"wp-image-9148\" srcset=\"https:\/\/peace.no\/wp-content\/uploads\/2025\/11\/Diplom-Dembra-8-724x1024.png 724w, https:\/\/peace.no\/wp-content\/uploads\/2025\/11\/Diplom-Dembra-8-212x300.png 212w, https:\/\/peace.no\/wp-content\/uploads\/2025\/11\/Diplom-Dembra-8-768x1086.png 768w, https:\/\/peace.no\/wp-content\/uploads\/2025\/11\/Diplom-Dembra-8-1086x1536.png 1086w, https:\/\/peace.no\/wp-content\/uploads\/2025\/11\/Diplom-Dembra-8-266x376.png 266w, https:\/\/peace.no\/wp-content\/uploads\/2025\/11\/Diplom-Dembra-8.png 1414w\" sizes=\"auto, (max-width: 724px) 100vw, 724px\" \/><\/figure>\n\n\n\n<figure class=\"wp-block-image size-large\"><img loading=\"lazy\" decoding=\"async\" width=\"724\" height=\"1024\" src=\"https:\/\/peace.no\/wp-content\/uploads\/2025\/11\/Diplom-Dembra-3-724x1024.png\" alt=\"\" class=\"wp-image-9123\" srcset=\"https:\/\/peace.no\/wp-content\/uploads\/2025\/11\/Diplom-Dembra-3-724x1024.png 724w, https:\/\/peace.no\/wp-content\/uploads\/2025\/11\/Diplom-Dembra-3-212x300.png 212w, https:\/\/peace.no\/wp-content\/uploads\/2025\/11\/Diplom-Dembra-3-768x1086.png 768w, https:\/\/peace.no\/wp-content\/uploads\/2025\/11\/Diplom-Dembra-3-1086x1536.png 1086w, https:\/\/peace.no\/wp-content\/uploads\/2025\/11\/Diplom-Dembra-3-266x376.png 266w, https:\/\/peace.no\/wp-content\/uploads\/2025\/11\/Diplom-Dembra-3.png 1414w\" sizes=\"auto, (max-width: 724px) 100vw, 724px\" \/><\/figure>\n\n\n\n<figure class=\"wp-block-image size-large\"><img loading=\"lazy\" decoding=\"async\" width=\"724\" height=\"1024\" src=\"https:\/\/peace.no\/wp-content\/uploads\/2025\/11\/Diplom-Dembra-11-724x1024.png\" alt=\"\" class=\"wp-image-9202\" srcset=\"https:\/\/peace.no\/wp-content\/uploads\/2025\/11\/Diplom-Dembra-11-724x1024.png 724w, https:\/\/peace.no\/wp-content\/uploads\/2025\/11\/Diplom-Dembra-11-212x300.png 212w, https:\/\/peace.no\/wp-content\/uploads\/2025\/11\/Diplom-Dembra-11-768x1086.png 768w, https:\/\/peace.no\/wp-content\/uploads\/2025\/11\/Diplom-Dembra-11-1086x1536.png 1086w, https:\/\/peace.no\/wp-content\/uploads\/2025\/11\/Diplom-Dembra-11-266x376.png 266w, https:\/\/peace.no\/wp-content\/uploads\/2025\/11\/Diplom-Dembra-11.png 1414w\" sizes=\"auto, (max-width: 724px) 100vw, 724px\" \/><\/figure>\n\n\n\n<h2 class=\"wp-block-heading\">2021-22:&nbsp;&nbsp;&nbsp;&nbsp;&nbsp;&nbsp;&nbsp;&nbsp;&nbsp;&nbsp; <\/h2>\n\n\n\n<ul class=\"wp-block-list\">\n<li>Brumunddal ungdomsskole<\/li>\n\n\n\n<li>Hjerleid handverksskole<\/li>\n\n\n\n<li>Smestad ungdomsskole<\/li>\n<\/ul>\n<\/div>\n\n\n\n<div class=\"wp-block-column is-layout-flow wp-block-column-is-layout-flow\">\n<figure class=\"wp-block-image size-large\"><img loading=\"lazy\" decoding=\"async\" width=\"724\" height=\"1024\" src=\"https:\/\/peace.no\/wp-content\/uploads\/2025\/11\/Diplom-Dembra-7-724x1024.png\" alt=\"\" class=\"wp-image-9156\" srcset=\"https:\/\/peace.no\/wp-content\/uploads\/2025\/11\/Diplom-Dembra-7-724x1024.png 724w, https:\/\/peace.no\/wp-content\/uploads\/2025\/11\/Diplom-Dembra-7-212x300.png 212w, https:\/\/peace.no\/wp-content\/uploads\/2025\/11\/Diplom-Dembra-7-768x1086.png 768w, https:\/\/peace.no\/wp-content\/uploads\/2025\/11\/Diplom-Dembra-7-1086x1536.png 1086w, https:\/\/peace.no\/wp-content\/uploads\/2025\/11\/Diplom-Dembra-7-266x376.png 266w, https:\/\/peace.no\/wp-content\/uploads\/2025\/11\/Diplom-Dembra-7.png 1414w\" sizes=\"auto, (max-width: 724px) 100vw, 724px\" \/><\/figure>\n\n\n\n<figure class=\"wp-block-image size-large\"><img loading=\"lazy\" decoding=\"async\" width=\"724\" height=\"1024\" src=\"https:\/\/peace.no\/wp-content\/uploads\/2025\/11\/Diplom-Dembra-10-724x1024.png\" alt=\"\" class=\"wp-image-9186\" srcset=\"https:\/\/peace.no\/wp-content\/uploads\/2025\/11\/Diplom-Dembra-10-724x1024.png 724w, https:\/\/peace.no\/wp-content\/uploads\/2025\/11\/Diplom-Dembra-10-212x300.png 212w, https:\/\/peace.no\/wp-content\/uploads\/2025\/11\/Diplom-Dembra-10-768x1086.png 768w, https:\/\/peace.no\/wp-content\/uploads\/2025\/11\/Diplom-Dembra-10-1086x1536.png 1086w, https:\/\/peace.no\/wp-content\/uploads\/2025\/11\/Diplom-Dembra-10-266x376.png 266w, https:\/\/peace.no\/wp-content\/uploads\/2025\/11\/Diplom-Dembra-10.png 1414w\" sizes=\"auto, (max-width: 724px) 100vw, 724px\" \/><\/figure>\n\n\n\n<figure class=\"wp-block-image size-large\"><img loading=\"lazy\" decoding=\"async\" width=\"724\" height=\"1024\" src=\"https:\/\/peace.no\/wp-content\/uploads\/2025\/11\/Diplom-Dembra-12-724x1024.png\" alt=\"\" class=\"wp-image-9209\" srcset=\"https:\/\/peace.no\/wp-content\/uploads\/2025\/11\/Diplom-Dembra-12-724x1024.png 724w, https:\/\/peace.no\/wp-content\/uploads\/2025\/11\/Diplom-Dembra-12-212x300.png 212w, https:\/\/peace.no\/wp-content\/uploads\/2025\/11\/Diplom-Dembra-12-768x1086.png 768w, https:\/\/peace.no\/wp-content\/uploads\/2025\/11\/Diplom-Dembra-12-1086x1536.png 1086w, https:\/\/peace.no\/wp-content\/uploads\/2025\/11\/Diplom-Dembra-12-266x376.png 266w, https:\/\/peace.no\/wp-content\/uploads\/2025\/11\/Diplom-Dembra-12.png 1414w\" sizes=\"auto, (max-width: 724px) 100vw, 724px\" \/><\/figure>\n\n\n\n<h2 class=\"wp-block-heading\">2020-21:<\/h2>\n\n\n\n<ul class=\"wp-block-list\">\n<li>Otta ungdomsskole<\/li>\n\n\n\n<li>Heidal skole<\/li>\n\n\n\n<li>Elverum ungdomsskole<\/li>\n\n\n\n<li>Furnes ungdomsskole<\/li>\n<\/ul>\n<\/div>\n\n\n\n<div class=\"wp-block-column is-layout-flow wp-block-column-is-layout-flow\">\n<figure class=\"wp-block-image size-large\"><img loading=\"lazy\" decoding=\"async\" width=\"724\" height=\"1024\" src=\"https:\/\/peace.no\/wp-content\/uploads\/2025\/11\/Diplom-Dembra-9-724x1024.png\" alt=\"\" class=\"wp-image-9163\" srcset=\"https:\/\/peace.no\/wp-content\/uploads\/2025\/11\/Diplom-Dembra-9-724x1024.png 724w, https:\/\/peace.no\/wp-content\/uploads\/2025\/11\/Diplom-Dembra-9-212x300.png 212w, https:\/\/peace.no\/wp-content\/uploads\/2025\/11\/Diplom-Dembra-9-768x1086.png 768w, https:\/\/peace.no\/wp-content\/uploads\/2025\/11\/Diplom-Dembra-9-1086x1536.png 1086w, https:\/\/peace.no\/wp-content\/uploads\/2025\/11\/Diplom-Dembra-9-266x376.png 266w, https:\/\/peace.no\/wp-content\/uploads\/2025\/11\/Diplom-Dembra-9.png 1414w\" sizes=\"auto, (max-width: 724px) 100vw, 724px\" \/><\/figure>\n\n\n\n<figure class=\"wp-block-image size-large\"><img loading=\"lazy\" decoding=\"async\" width=\"724\" height=\"1024\" src=\"https:\/\/peace.no\/wp-content\/uploads\/2025\/11\/Diplom-Dembra-4-1-724x1024.png\" alt=\"\" class=\"wp-image-9178\" srcset=\"https:\/\/peace.no\/wp-content\/uploads\/2025\/11\/Diplom-Dembra-4-1-724x1024.png 724w, https:\/\/peace.no\/wp-content\/uploads\/2025\/11\/Diplom-Dembra-4-1-212x300.png 212w, https:\/\/peace.no\/wp-content\/uploads\/2025\/11\/Diplom-Dembra-4-1-768x1086.png 768w, https:\/\/peace.no\/wp-content\/uploads\/2025\/11\/Diplom-Dembra-4-1-1086x1536.png 1086w, https:\/\/peace.no\/wp-content\/uploads\/2025\/11\/Diplom-Dembra-4-1-266x376.png 266w, https:\/\/peace.no\/wp-content\/uploads\/2025\/11\/Diplom-Dembra-4-1.png 1414w\" sizes=\"auto, (max-width: 724px) 100vw, 724px\" \/><\/figure>\n\n\n\n<figure class=\"wp-block-image size-large\"><img loading=\"lazy\" decoding=\"async\" width=\"724\" height=\"1024\" src=\"https:\/\/peace.no\/wp-content\/uploads\/2025\/11\/Diplom-Dembra-13-724x1024.png\" alt=\"\" class=\"wp-image-9218\" srcset=\"https:\/\/peace.no\/wp-content\/uploads\/2025\/11\/Diplom-Dembra-13-724x1024.png 724w, https:\/\/peace.no\/wp-content\/uploads\/2025\/11\/Diplom-Dembra-13-212x300.png 212w, https:\/\/peace.no\/wp-content\/uploads\/2025\/11\/Diplom-Dembra-13-768x1086.png 768w, https:\/\/peace.no\/wp-content\/uploads\/2025\/11\/Diplom-Dembra-13-1086x1536.png 1086w, https:\/\/peace.no\/wp-content\/uploads\/2025\/11\/Diplom-Dembra-13-266x376.png 266w, https:\/\/peace.no\/wp-content\/uploads\/2025\/11\/Diplom-Dembra-13.png 1414w\" sizes=\"auto, (max-width: 724px) 100vw, 724px\" \/><\/figure>\n\n\n\n<h2 class=\"wp-block-heading\">2019-20:&nbsp;&nbsp;&nbsp;&nbsp;&nbsp;&nbsp;&nbsp;&nbsp;&nbsp;&nbsp;<\/h2>\n\n\n\n<ul class=\"wp-block-list\">\n<li>Lillehammer videreg\u00e5ende<\/li>\n\n\n\n<li>Kopperud skole (Gj\u00f8vik)<\/li>\n\n\n\n<li>B\u00f8rstad ungdomsskole (Hamar)<\/li>\n<\/ul>\n<\/div>\n<\/div>\n","protected":false},"excerpt":{"rendered":"<p>DEMBRA st\u00f8tter skoler og l\u00e6rerutdanninger i deres arbeidet med \u00e5 forebygge fordommer og gruppefiendtlighet gjennom \u00e5 utvikle demokratisk beredskap. Tilbudet er gratis.<\/p>\n","protected":false},"author":2,"featured_media":3358,"parent":0,"menu_order":0,"comment_status":"closed","ping_status":"closed","template":"","meta":{"_acf_changed":false,"footnotes":""},"class_list":["post-10669","page","type-page","status-publish","has-post-thumbnail","hentry"],"acf":[],"_links":{"self":[{"href":"https:\/\/peace.no\/en\/wp-json\/wp\/v2\/pages\/10669","targetHints":{"allow":["GET"]}}],"collection":[{"href":"https:\/\/peace.no\/en\/wp-json\/wp\/v2\/pages"}],"about":[{"href":"https:\/\/peace.no\/en\/wp-json\/wp\/v2\/types\/page"}],"author":[{"embeddable":true,"href":"https:\/\/peace.no\/en\/wp-json\/wp\/v2\/users\/2"}],"replies":[{"embeddable":true,"href":"https:\/\/peace.no\/en\/wp-json\/wp\/v2\/comments?post=10669"}],"version-history":[{"count":1,"href":"https:\/\/peace.no\/en\/wp-json\/wp\/v2\/pages\/10669\/revisions"}],"predecessor-version":[{"id":10671,"href":"https:\/\/peace.no\/en\/wp-json\/wp\/v2\/pages\/10669\/revisions\/10671"}],"wp:featuredmedia":[{"embeddable":true,"href":"https:\/\/peace.no\/en\/wp-json\/wp\/v2\/media\/3358"}],"wp:attachment":[{"href":"https:\/\/peace.no\/en\/wp-json\/wp\/v2\/media?parent=10669"}],"curies":[{"name":"wp","href":"https:\/\/api.w.org\/{rel}","templated":true}]}}